{"id":139,"date":"2022-02-13T23:16:33","date_gmt":"2022-02-13T10:16:33","guid":{"rendered":"https:\/\/estherandherbert.com\/?page_id=139"},"modified":"2023-11-04T11:02:18","modified_gmt":"2023-11-04T10:02:18","slug":"monde-sonore-audio-world","status":"publish","type":"page","link":"https:\/\/estherandherbert.com\/en\/monde-sonore-audio-world\/","title":{"rendered":"Monde sonore \/ Audio-world"},"content":{"rendered":"<p class=\"has-text-align-center has-josefin-sans-font-family wp-block-paragraph\" style=\"font-size:17px\"><span style=\"text-decoration: underline;\">Text<\/span>: I. Dvorkin;  <span style=\"text-decoration: underline;\">Audio<\/span>: L.Gray; <span style=\"text-decoration: underline;\">Illustrations<\/span>:  M. Aydin; <span style=\"text-decoration: underline;\">Montage<\/span>: M. Ollagnon<\/p>\n\n\n\n<p class=\"has-text-align-center wp-block-paragraph\" style=\"line-height:1\">Et avec la participation de &#8230; \/ And with the participation of &#8230;. <\/p>\n\n\n\n<figure class=\"wp-block-image size-large\"><img data-recalc-dims=\"1\" loading=\"lazy\" decoding=\"async\" width=\"712\" height=\"61\" src=\"https:\/\/i0.wp.com\/estherandherbert.com\/wp-content\/uploads\/2022\/09\/Screenshot-2022-09-29-at-22.08.28.png?resize=712%2C61&#038;ssl=1\" alt=\"\" class=\"wp-image-686\" srcset=\"https:\/\/i0.wp.com\/estherandherbert.com\/wp-content\/uploads\/2022\/09\/Screenshot-2022-09-29-at-22.08.28.png?resize=1024%2C88&amp;ssl=1 1024w, https:\/\/i0.wp.com\/estherandherbert.com\/wp-content\/uploads\/2022\/09\/Screenshot-2022-09-29-at-22.08.28.png?resize=300%2C26&amp;ssl=1 300w, https:\/\/i0.wp.com\/estherandherbert.com\/wp-content\/uploads\/2022\/09\/Screenshot-2022-09-29-at-22.08.28.png?resize=768%2C66&amp;ssl=1 768w, https:\/\/i0.wp.com\/estherandherbert.com\/wp-content\/uploads\/2022\/09\/Screenshot-2022-09-29-at-22.08.28.png?resize=1200%2C103&amp;ssl=1 1200w, https:\/\/i0.wp.com\/estherandherbert.com\/wp-content\/uploads\/2022\/09\/Screenshot-2022-09-29-at-22.08.28.png?w=1284&amp;ssl=1 1284w\" sizes=\"auto, (max-width: 712px) 100vw, 712px\" \/><\/figure>\n\n\n\n<div class=\"wp-block-columns are-vertically-aligned-top is-layout-flex wp-container-core-columns-is-layout-8f761849 wp-block-columns-is-layout-flex\">\n<div class=\"wp-block-column is-vertically-aligned-top is-layout-flow wp-block-column-is-layout-flow\">\n<div class=\"wp-block-cover\"><span aria-hidden=\"true\" class=\"wp-block-cover__background has-background-dim-0 has-background-dim\"><\/span><img data-recalc-dims=\"1\" loading=\"lazy\" decoding=\"async\" width=\"712\" height=\"1025\" class=\"wp-block-cover__image-background wp-image-697\" alt=\"\" src=\"https:\/\/i0.wp.com\/estherandherbert.com\/wp-content\/uploads\/2022\/09\/S.O.S_vu_de_la_Terre_digi_25-260922-1.jpg?resize=712%2C1025&#038;ssl=1\" data-object-fit=\"cover\" srcset=\"https:\/\/i0.wp.com\/estherandherbert.com\/wp-content\/uploads\/2022\/09\/S.O.S_vu_de_la_Terre_digi_25-260922-1.jpg?w=1640&amp;ssl=1 1640w, https:\/\/i0.wp.com\/estherandherbert.com\/wp-content\/uploads\/2022\/09\/S.O.S_vu_de_la_Terre_digi_25-260922-1.jpg?resize=208%2C300&amp;ssl=1 208w, https:\/\/i0.wp.com\/estherandherbert.com\/wp-content\/uploads\/2022\/09\/S.O.S_vu_de_la_Terre_digi_25-260922-1.jpg?resize=712%2C1024&amp;ssl=1 712w, https:\/\/i0.wp.com\/estherandherbert.com\/wp-content\/uploads\/2022\/09\/S.O.S_vu_de_la_Terre_digi_25-260922-1.jpg?resize=768%2C1105&amp;ssl=1 768w, https:\/\/i0.wp.com\/estherandherbert.com\/wp-content\/uploads\/2022\/09\/S.O.S_vu_de_la_Terre_digi_25-260922-1.jpg?resize=1067%2C1536&amp;ssl=1 1067w, https:\/\/i0.wp.com\/estherandherbert.com\/wp-content\/uploads\/2022\/09\/S.O.S_vu_de_la_Terre_digi_25-260922-1.jpg?resize=1423%2C2048&amp;ssl=1 1423w, https:\/\/i0.wp.com\/estherandherbert.com\/wp-content\/uploads\/2022\/09\/S.O.S_vu_de_la_Terre_digi_25-260922-1.jpg?resize=1200%2C1727&amp;ssl=1 1200w\" sizes=\"auto, (max-width: 712px) 100vw, 712px\" \/><div class=\"wp-block-cover__inner-container is-layout-flow wp-block-cover-is-layout-flow\">\n<p class=\"has-text-align-right has-background-color has-text-color has-josefin-sans-font-family has-small-font-size wp-block-paragraph\"><strong>\u00ab\u00a0Voyage dans l&rsquo;espace\u00a0\u00bb <\/strong><\/p>\n\n\n\n<p class=\"has-text-align-right has-background-color has-text-color has-josefin-sans-font-family has-small-font-size wp-block-paragraph\" style=\"line-height:0\"><strong>M. Aydin<\/strong><\/p>\n<\/div><\/div>\n\n\n\n<p class=\"has-text-align-left has-josefin-sans-font-family wp-block-paragraph\" style=\"font-size:24px\"><strong>\u00c9couter la version fran\u00e7aise<\/strong><\/p>\n\n\n\n<figure class=\"wp-block-audio\" style=\"padding-top:0;padding-right:0;padding-bottom:0;padding-left:0\"><audio controls src=\"https:\/\/estherandherbert.com\/wp-content\/uploads\/2022\/02\/Esther-FR-monte-avec-jingle.wav\"><\/audio><\/figure>\n<\/div>\n\n\n\n<div class=\"wp-block-column is-vertically-aligned-top is-layout-flow wp-block-column-is-layout-flow\">\n<div style=\"height:100px\" aria-hidden=\"true\" class=\"wp-block-spacer\"><\/div>\n\n\n\n<p class=\"has-primary-color has-text-color has-josefin-sans-font-family wp-block-paragraph\" style=\"font-size:24px\"><strong>Listen to the english version<\/strong><\/p>\n\n\n\n<figure class=\"wp-block-audio\"><audio controls src=\"https:\/\/estherandherbert.com\/wp-content\/uploads\/2022\/02\/Esther-UK-monte-avec-jingle.wav\"><\/audio><\/figure>\n\n\n\n<div class=\"wp-block-cover is-light\" style=\"min-height:346px;aspect-ratio:unset;\"><span aria-hidden=\"true\" class=\"wp-block-cover__background has-background-dim-0 has-background-dim\"><\/span><img data-recalc-dims=\"1\" loading=\"lazy\" decoding=\"async\" width=\"712\" height=\"712\" class=\"wp-block-cover__image-background wp-image-698\" alt=\"\" src=\"https:\/\/i0.wp.com\/estherandherbert.com\/wp-content\/uploads\/2022\/09\/Astronaute_seul_1_digi_26-27092022.jpg?resize=712%2C712&#038;ssl=1\" data-object-fit=\"cover\" srcset=\"https:\/\/i0.wp.com\/estherandherbert.com\/wp-content\/uploads\/2022\/09\/Astronaute_seul_1_digi_26-27092022.jpg?w=2048&amp;ssl=1 2048w, https:\/\/i0.wp.com\/estherandherbert.com\/wp-content\/uploads\/2022\/09\/Astronaute_seul_1_digi_26-27092022.jpg?resize=300%2C300&amp;ssl=1 300w, https:\/\/i0.wp.com\/estherandherbert.com\/wp-content\/uploads\/2022\/09\/Astronaute_seul_1_digi_26-27092022.jpg?resize=1024%2C1024&amp;ssl=1 1024w, https:\/\/i0.wp.com\/estherandherbert.com\/wp-content\/uploads\/2022\/09\/Astronaute_seul_1_digi_26-27092022.jpg?resize=150%2C150&amp;ssl=1 150w, https:\/\/i0.wp.com\/estherandherbert.com\/wp-content\/uploads\/2022\/09\/Astronaute_seul_1_digi_26-27092022.jpg?resize=768%2C768&amp;ssl=1 768w, https:\/\/i0.wp.com\/estherandherbert.com\/wp-content\/uploads\/2022\/09\/Astronaute_seul_1_digi_26-27092022.jpg?resize=1536%2C1536&amp;ssl=1 1536w, https:\/\/i0.wp.com\/estherandherbert.com\/wp-content\/uploads\/2022\/09\/Astronaute_seul_1_digi_26-27092022.jpg?resize=1200%2C1200&amp;ssl=1 1200w, https:\/\/i0.wp.com\/estherandherbert.com\/wp-content\/uploads\/2022\/09\/Astronaute_seul_1_digi_26-27092022.jpg?resize=800%2C800&amp;ssl=1 800w, https:\/\/i0.wp.com\/estherandherbert.com\/wp-content\/uploads\/2022\/09\/Astronaute_seul_1_digi_26-27092022.jpg?resize=400%2C400&amp;ssl=1 400w, https:\/\/i0.wp.com\/estherandherbert.com\/wp-content\/uploads\/2022\/09\/Astronaute_seul_1_digi_26-27092022.jpg?resize=200%2C200&amp;ssl=1 200w, https:\/\/i0.wp.com\/estherandherbert.com\/wp-content\/uploads\/2022\/09\/Astronaute_seul_1_digi_26-27092022.jpg?w=1424&amp;ssl=1 1424w\" sizes=\"auto, (max-width: 712px) 100vw, 712px\" \/><div class=\"wp-block-cover__inner-container is-layout-flow wp-block-cover-is-layout-flow\">\n<p class=\"has-text-align-right has-foreground-color has-text-color has-josefin-sans-font-family has-small-font-size wp-block-paragraph\" style=\"line-height:0.6\"><strong>\u00ab\u00a0Journey into space\u00a0\u00bb<\/strong><\/p>\n\n\n\n<p class=\"has-text-align-right has-foreground-color has-text-color has-josefin-sans-font-family has-small-font-size wp-block-paragraph\" style=\"line-height:0.6\">M. Aydin<\/p>\n<\/div><\/div>\n<\/div>\n<\/div>\n\n\n\n<div style=\"height:21px\" aria-hidden=\"true\" class=\"wp-block-spacer\"><\/div>\n\n\n\n<div class=\"wp-block-jetpack-layout-grid column1-desktop-grid__span-4 column1-desktop-grid__row-1 column2-desktop-grid__span-4 column2-desktop-grid__start-5 column2-desktop-grid__row-1 column3-desktop-grid__span-4 column3-desktop-grid__start-9 column3-desktop-grid__row-1 column1-tablet-grid__span-4 column1-tablet-grid__row-1 column2-tablet-grid__span-4 column2-tablet-grid__start-5 column2-tablet-grid__row-1 column3-tablet-grid__span-8 column3-tablet-grid__row-2 column1-mobile-grid__span-4 column1-mobile-grid__row-1 column2-mobile-grid__span-4 column2-mobile-grid__row-2 column3-mobile-grid__span-4 column3-mobile-grid__row-3 wp-block-jetpack-layout-gutter__small\">\n<div class=\"wp-block-jetpack-layout-grid-column wp-block-jetpack-layout-grid__padding-none\">\n<p class=\"has-text-align-left has-josefin-sans-font-family has-small-font-size wp-block-paragraph\"><strong>Irina Dvorkin<\/strong> est une astrophysicienne \u00e0 l&rsquo;Institut d&rsquo;astrophysique de Paris, en France. Elle a \u00e9crit ce joli dialogue dans lequel Esther d\u00e9couvre le ciel, par un beau soir d&rsquo;\u00e9t\u00e9. <\/p>\n<\/div>\n\n\n\n<div class=\"wp-block-jetpack-layout-grid-column wp-block-jetpack-layout-grid__padding-none is-vertically-aligned-center\"><div class=\"wp-block-image is-style-rounded wp-duotone-000000-ffffff-1\">\n<figure class=\"aligncenter size-large is-resized\"><img data-recalc-dims=\"1\" loading=\"lazy\" decoding=\"async\" src=\"https:\/\/i0.wp.com\/estherandherbert.com\/wp-content\/uploads\/2022\/05\/photo-opera-edited-1021x1024.png?resize=187%2C187&#038;ssl=1\" alt=\"\" class=\"wp-image-377\" style=\"width:187px;height:187px\" width=\"187\" height=\"187\" srcset=\"https:\/\/i0.wp.com\/estherandherbert.com\/wp-content\/uploads\/2022\/05\/photo-opera-edited.png?resize=1021%2C1024&amp;ssl=1 1021w, https:\/\/i0.wp.com\/estherandherbert.com\/wp-content\/uploads\/2022\/05\/photo-opera-edited.png?resize=300%2C300&amp;ssl=1 300w, https:\/\/i0.wp.com\/estherandherbert.com\/wp-content\/uploads\/2022\/05\/photo-opera-edited.png?resize=150%2C150&amp;ssl=1 150w, https:\/\/i0.wp.com\/estherandherbert.com\/wp-content\/uploads\/2022\/05\/photo-opera-edited.png?resize=768%2C770&amp;ssl=1 768w, https:\/\/i0.wp.com\/estherandherbert.com\/wp-content\/uploads\/2022\/05\/photo-opera-edited.png?resize=1200%2C1204&amp;ssl=1 1200w, https:\/\/i0.wp.com\/estherandherbert.com\/wp-content\/uploads\/2022\/05\/photo-opera-edited.png?resize=800%2C800&amp;ssl=1 800w, https:\/\/i0.wp.com\/estherandherbert.com\/wp-content\/uploads\/2022\/05\/photo-opera-edited.png?resize=400%2C400&amp;ssl=1 400w, https:\/\/i0.wp.com\/estherandherbert.com\/wp-content\/uploads\/2022\/05\/photo-opera-edited.png?resize=200%2C200&amp;ssl=1 200w, https:\/\/i0.wp.com\/estherandherbert.com\/wp-content\/uploads\/2022\/05\/photo-opera-edited.png?w=1233&amp;ssl=1 1233w\" sizes=\"auto, (max-width: 187px) 100vw, 187px\" \/><\/figure>\n<\/div><\/div>\n\n\n\n<div class=\"wp-block-jetpack-layout-grid-column wp-block-jetpack-layout-grid__padding-none\">\n<p class=\"has-text-align-right has-primary-color has-text-color has-josefin-sans-font-family has-small-font-size wp-block-paragraph\"><strong>Irina Dvorkin<\/strong> is an astrophysicist at the Institute of astrophysics, in Paris. She wrote this nice dialogue, in which Esther discovers the night sky, during summer.<\/p>\n<\/div>\n<\/div>\n\n\n\n<div class=\"wp-block-jetpack-layout-grid column1-desktop-grid__span-4 column1-desktop-grid__row-1 column2-desktop-grid__span-4 column2-desktop-grid__start-5 column2-desktop-grid__row-1 column3-desktop-grid__span-4 column3-desktop-grid__start-9 column3-desktop-grid__row-1 column1-tablet-grid__span-4 column1-tablet-grid__row-1 column2-tablet-grid__span-4 column2-tablet-grid__start-5 column2-tablet-grid__row-1 column3-tablet-grid__span-8 column3-tablet-grid__row-2 column1-mobile-grid__span-4 column1-mobile-grid__row-1 column2-mobile-grid__span-4 column2-mobile-grid__row-2 column3-mobile-grid__span-4 column3-mobile-grid__row-3 wp-block-jetpack-layout-gutter__small\">\n<div class=\"wp-block-jetpack-layout-grid-column wp-block-jetpack-layout-grid__padding-none\">\n<p class=\"has-link-color has-josefin-sans-font-family has-small-font-size wp-elements-c08c1f18ecf8588e70bc376888bb80dd wp-block-paragraph\"> <a href=\"http:\/\/www.laurence-gray.com\/accueil.cfm\/437714_laurence_gray.html\" target=\"_blank\" rel=\"noreferrer noopener\"><strong>Laurence Gray<\/strong><\/a> est com\u00e9dienne \u00e0 Paris. Elle a lu et interpr\u00e9t\u00e9 le dialogue entre Esther et Irina. <\/p>\n<\/div>\n\n\n\n<div class=\"wp-block-jetpack-layout-grid-column wp-block-jetpack-layout-grid__padding-none\"><div class=\"wp-block-image is-style-rounded wp-duotone-000000-ffffff-2\">\n<figure class=\"aligncenter size-large is-resized\"><img data-recalc-dims=\"1\" loading=\"lazy\" decoding=\"async\" src=\"https:\/\/i0.wp.com\/estherandherbert.com\/wp-content\/uploads\/2022\/05\/laurence-edited-1020x1024.jpg?resize=191%2C191&#038;ssl=1\" alt=\"\" class=\"wp-image-378\" style=\"width:191px;height:191px\" width=\"191\" height=\"191\" srcset=\"https:\/\/i0.wp.com\/estherandherbert.com\/wp-content\/uploads\/2022\/05\/laurence-edited.jpg?resize=1020%2C1024&amp;ssl=1 1020w, https:\/\/i0.wp.com\/estherandherbert.com\/wp-content\/uploads\/2022\/05\/laurence-edited.jpg?resize=300%2C300&amp;ssl=1 300w, https:\/\/i0.wp.com\/estherandherbert.com\/wp-content\/uploads\/2022\/05\/laurence-edited.jpg?resize=150%2C150&amp;ssl=1 150w, https:\/\/i0.wp.com\/estherandherbert.com\/wp-content\/uploads\/2022\/05\/laurence-edited.jpg?resize=768%2C771&amp;ssl=1 768w, https:\/\/i0.wp.com\/estherandherbert.com\/wp-content\/uploads\/2022\/05\/laurence-edited.jpg?resize=1530%2C1536&amp;ssl=1 1530w, https:\/\/i0.wp.com\/estherandherbert.com\/wp-content\/uploads\/2022\/05\/laurence-edited.jpg?resize=2040%2C2048&amp;ssl=1 2040w, https:\/\/i0.wp.com\/estherandherbert.com\/wp-content\/uploads\/2022\/05\/laurence-edited.jpg?resize=1200%2C1205&amp;ssl=1 1200w, https:\/\/i0.wp.com\/estherandherbert.com\/wp-content\/uploads\/2022\/05\/laurence-edited.jpg?resize=800%2C800&amp;ssl=1 800w, https:\/\/i0.wp.com\/estherandherbert.com\/wp-content\/uploads\/2022\/05\/laurence-edited.jpg?resize=400%2C400&amp;ssl=1 400w, https:\/\/i0.wp.com\/estherandherbert.com\/wp-content\/uploads\/2022\/05\/laurence-edited.jpg?resize=200%2C200&amp;ssl=1 200w, https:\/\/i0.wp.com\/estherandherbert.com\/wp-content\/uploads\/2022\/05\/laurence-edited.jpg?w=1424&amp;ssl=1 1424w, https:\/\/i0.wp.com\/estherandherbert.com\/wp-content\/uploads\/2022\/05\/laurence-edited.jpg?w=2136&amp;ssl=1 2136w\" sizes=\"auto, (max-width: 191px) 100vw, 191px\" \/><\/figure>\n<\/div><\/div>\n\n\n\n<div class=\"wp-block-jetpack-layout-grid-column wp-block-jetpack-layout-grid__padding-none\">\n<p class=\"has-text-align-right has-primary-color has-text-color has-link-color has-josefin-sans-font-family has-small-font-size wp-elements-328ea6022b956cfbb1bd2021f1baeb0a wp-block-paragraph\"><a rel=\"noreferrer noopener\" href=\"http:\/\/www.laurence-gray.com\/accueil.cfm\/437714_laurence_gray.html\" target=\"_blank\"><strong>Laurence Gray<\/strong><\/a> is an actress in Paris. She read and interpreted the dialogue between Esther and Irina.<\/p>\n<\/div>\n<\/div>\n\n\n\n<div style=\"height:6px\" aria-hidden=\"true\" class=\"wp-block-spacer\"><\/div>","protected":false},"excerpt":{"rendered":"<p>Text: I. Dvorkin; Audio: L.Gray; Illustrations: M. Aydin; Montage: M. Ollagnon Et avec la participation de &#8230; \/ And with the participation of &#8230;. \u00c9couter la version fran\u00e7aise Listen to the english version Irina Dvorkin est une astrophysicienne \u00e0 l&rsquo;Institut d&rsquo;astrophysique de Paris, en France. Elle a \u00e9crit ce joli dialogue dans lequel Esther d\u00e9couvre &hellip; <a href=\"https:\/\/estherandherbert.com\/en\/monde-sonore-audio-world\/\" class=\"more-link\">Continue reading <span class=\"screen-reader-text\">Monde sonore \/ Audio-world<\/span><\/a><\/p>","protected":false},"author":216318725,"featured_media":0,"parent":0,"menu_order":0,"comment_status":"closed","ping_status":"closed","template":"templates\/full-width-page.php","meta":{"_crdt_document":"","advanced_seo_description":"","jetpack_seo_html_title":"","jetpack_seo_noindex":false,"episode_type":"","audio_file":"","podmotor_file_id":"","podmotor_episode_id":"","cover_image":"","cover_image_id":"","duration":"","filesize":"","filesize_raw":"","date_recorded":"","explicit":"","block":"","itunes_episode_number":"","itunes_title":"","itunes_season_number":"","itunes_episode_type":"","footnotes":""},"tags":[6381],"class_list":["post-139","page","type-page","status-publish","hentry","tag-featured","no-featured-image"],"jetpack_shortlink":"https:\/\/wp.me\/PdINKj-2f","jetpack_sharing_enabled":true,"amp_enabled":false,"_links":{"self":[{"href":"https:\/\/estherandherbert.com\/en\/wp-json\/wp\/v2\/pages\/139","targetHints":{"allow":["GET"]}}],"collection":[{"href":"https:\/\/estherandherbert.com\/en\/wp-json\/wp\/v2\/pages"}],"about":[{"href":"https:\/\/estherandherbert.com\/en\/wp-json\/wp\/v2\/types\/page"}],"author":[{"embeddable":true,"href":"https:\/\/estherandherbert.com\/en\/wp-json\/wp\/v2\/users\/216318725"}],"replies":[{"embeddable":true,"href":"https:\/\/estherandherbert.com\/en\/wp-json\/wp\/v2\/comments?post=139"}],"version-history":[{"count":76,"href":"https:\/\/estherandherbert.com\/en\/wp-json\/wp\/v2\/pages\/139\/revisions"}],"predecessor-version":[{"id":1676,"href":"https:\/\/estherandherbert.com\/en\/wp-json\/wp\/v2\/pages\/139\/revisions\/1676"}],"wp:attachment":[{"href":"https:\/\/estherandherbert.com\/en\/wp-json\/wp\/v2\/media?parent=139"}],"wp:term":[{"taxonomy":"post_tag","embeddable":true,"href":"https:\/\/estherandherbert.com\/en\/wp-json\/wp\/v2\/tags?post=139"}],"curies":[{"name":"wp","href":"https:\/\/api.w.org\/{rel}","templated":true}]}}