{"id":1476,"date":"2023-09-07T20:26:15","date_gmt":"2023-09-07T18:26:15","guid":{"rendered":"https:\/\/estherandherbert.com\/?page_id=1476"},"modified":"2023-09-07T20:33:50","modified_gmt":"2023-09-07T18:33:50","slug":"mentions-legales","status":"publish","type":"page","link":"https:\/\/estherandherbert.com\/en\/mentions-legales\/","title":{"rendered":"mentions legales"},"content":{"rendered":"<p class=\"wp-block-paragraph\">Le site <a href=\"https:\/\/estherandherbert.com\/en\/\">https:\/\/estherandherbert.com\/<\/a> est \u00e9dit\u00e9 par l&rsquo;association <strong>Esther et Herbert, t\u00eates en l&rsquo;air<\/strong>.<\/p>\n\n\n\n<p class=\"wp-block-paragraph\"><strong>Esther et Herbert, t\u00eates en l&rsquo;air<\/strong> est une association loi 1901 d\u00e9clar\u00e9e, domicili\u00e9e au 27 avenue de la croix du capitaine b\u00e2timent B apt 23, 34070 Montpellier, cr\u00e9\u00e9e le 28 septembre 2021 et parue au journal officiel le 5 octobre 2021 (SIREN 911 500 460). L&rsquo;association peut-\u00eatre  contact\u00e9e au 0033661459658. Le d<em>irecteur de la publication (nom du pr\u00e9sident de l\u2019association)\u00a0<\/em>est Clotilde Laigle.<\/p>\n\n\n\n<p class=\"wp-block-paragraph\">Cette association a pour but le partage gratuit de connaissances, d&rsquo;exp\u00e9riences et de passion aupr\u00e8s du jeune public;a travers ce partage de connaissances, Esther et Herbert, t\u00eates en l&rsquo;air ambitionne d&rsquo;amener ses jeunes lecteurs \u00e0 d\u00e9velopper un esprit critique en croisant des informations venant de diff\u00e9rentes sources et de diff\u00e9rents champs (scientifique, artistique, litt\u00e9raire, manuel, historique); par ses interventions et le partage de ses passions, Esther et Herbert souhaitent apporter de la l\u00e9g\u00e8ret\u00e9 et de l&rsquo;enthousiasme \u00e0 ses lecteurs pour leur donner l&rsquo;\u00e9nergie de construire le monde de demain : les lecteurs d\u0092Esther et Herbert seront les h\u00e9ros de demain<\/p>\n\n\n\n<p class=\"wp-block-paragraph\"><em>Le site <\/em><a href=\"https:\/\/estherandherbert.com\/en\/\">https:\/\/estherandherbert.com\/<\/a> est h\u00e9berg\u00e9 par la soci\u00e9t\u00e9 Automattic, Inc, 60 29th Street #343, CA 94110 San Francisco,  United States<\/p>","protected":false},"excerpt":{"rendered":"<p>Le site <a href=\"https:\/\/estherandherbert.com\/en\/\">https:\/\/estherandherbert.com\/<\/a> est \u00e9dit\u00e9 par l&rsquo;association Esther et Herbert, t\u00eates en l&rsquo;air. Esther et Herbert, t\u00eates en l&rsquo;air est une association loi 1901 d\u00e9clar\u00e9e, domicili\u00e9e au 27 avenue de la croix du capitaine b\u00e2timent B apt 23, 34070 Montpellier, cr\u00e9\u00e9e le 28 septembre 2021 et parue au journal officiel le 5 octobre 2021 (SIREN &hellip; <a href=\"https:\/\/estherandherbert.com\/en\/mentions-legales\/\" class=\"more-link\">Continue reading <span class=\"screen-reader-text\">mentions legales<\/span><\/a><\/p>","protected":false},"author":216318726,"featured_media":0,"parent":0,"menu_order":0,"comment_status":"closed","ping_status":"closed","template":"page-no-separators","meta":{"_crdt_document":"","advanced_seo_description":"","jetpack_seo_html_title":"","jetpack_seo_noindex":false,"episode_type":"","audio_file":"","podmotor_file_id":"","podmotor_episode_id":"","cover_image":"","cover_image_id":"","duration":"","filesize":"","filesize_raw":"","date_recorded":"","explicit":"","block":"","itunes_episode_number":"","itunes_title":"","itunes_season_number":"","itunes_episode_type":"","footnotes":""},"tags":[],"class_list":["post-1476","page","type-page","status-publish","hentry","no-featured-image"],"jetpack_shortlink":"https:\/\/wp.me\/PdINKj-nO","jetpack_sharing_enabled":true,"amp_enabled":false,"_links":{"self":[{"href":"https:\/\/estherandherbert.com\/en\/wp-json\/wp\/v2\/pages\/1476","targetHints":{"allow":["GET"]}}],"collection":[{"href":"https:\/\/estherandherbert.com\/en\/wp-json\/wp\/v2\/pages"}],"about":[{"href":"https:\/\/estherandherbert.com\/en\/wp-json\/wp\/v2\/types\/page"}],"author":[{"embeddable":true,"href":"https:\/\/estherandherbert.com\/en\/wp-json\/wp\/v2\/users\/216318726"}],"replies":[{"embeddable":true,"href":"https:\/\/estherandherbert.com\/en\/wp-json\/wp\/v2\/comments?post=1476"}],"version-history":[{"count":6,"href":"https:\/\/estherandherbert.com\/en\/wp-json\/wp\/v2\/pages\/1476\/revisions"}],"predecessor-version":[{"id":1484,"href":"https:\/\/estherandherbert.com\/en\/wp-json\/wp\/v2\/pages\/1476\/revisions\/1484"}],"wp:attachment":[{"href":"https:\/\/estherandherbert.com\/en\/wp-json\/wp\/v2\/media?parent=1476"}],"wp:term":[{"taxonomy":"post_tag","embeddable":true,"href":"https:\/\/estherandherbert.com\/en\/wp-json\/wp\/v2\/tags?post=1476"}],"curies":[{"name":"wp","href":"https:\/\/api.w.org\/{rel}","templated":true}]}}