{"id":1485,"date":"2023-09-07T20:43:24","date_gmt":"2023-09-07T18:43:24","guid":{"rendered":"https:\/\/estherandherbert.com\/?page_id=1485"},"modified":"2023-09-07T20:43:24","modified_gmt":"2023-09-07T18:43:24","slug":"conditions-generales-dutilisation","status":"publish","type":"page","link":"https:\/\/estherandherbert.com\/en\/conditions-generales-dutilisation\/","title":{"rendered":"conditions g\u00e9n\u00e9rales d&rsquo;utilisation"},"content":{"rendered":"<p class=\"wp-block-paragraph\" style=\"font-size:39px\">Conditions g\u00e9n\u00e9rales d&rsquo;utilisation<\/p>\n\n\n\n<p class=\"wp-block-paragraph\">Le pr\u00e9sent document a pour objet de d\u00e9finir les modalit\u00e9s et conditions dans lesquelles d\u2019une part,\u00a0 l&rsquo;association <strong>Esther et Herbert, t\u00eates en l&rsquo;air<\/strong>, ci-apr\u00e8s d\u00e9nomm\u00e9 l\u2019EDITEUR, met \u00e0 la disposition de ses utilisateurs le site, et les services disponibles sur le site et d\u2019autre part, la mani\u00e8re par laquelle l\u2019utilisateur acc\u00e8de au site et utilise ses services.<\/p>\n\n\n\n<p class=\"wp-block-paragraph\">Toute connexion au site est subordonn\u00e9e au respect des pr\u00e9sentes conditions.<\/p>\n\n\n\n<p class=\"wp-block-paragraph\">Pour l\u2019utilisateur, le simple acc\u00e8s au site de l\u2019EDITEUR \u00e0 l\u2019adresse URL suivante<strong> <a href=\"https:\/\/estherandherbert.com\/en\/\">https:\/\/estherandherbert.com<\/a><\/strong>\u00a0 implique l\u2019acceptation de l\u2019ensemble des conditions d\u00e9crites ci-apr\u00e8s.<\/p>\n\n\n\n<p class=\"wp-block-paragraph\"><strong>Propri\u00e9t\u00e9 intellectuelle<\/strong><\/p>\n\n\n\n<p class=\"wp-block-paragraph\">Aucune reproduction, m\u00eame partielle pr\u00e9vue \u00e0 l\u2019article L.122-5 du Code de la propri\u00e9t\u00e9 intellectuelle, ne peut \u00eatre faite de ce site et de son contenu sans l\u2019autorisation du directeur de publication.<\/p>\n\n\n\n<p class=\"wp-block-paragraph\"><\/p>\n\n\n\n<p class=\"wp-block-paragraph\"><\/p>\n\n\n\n<p class=\"wp-block-paragraph\"><\/p>","protected":false},"excerpt":{"rendered":"<p>Conditions g\u00e9n\u00e9rales d&rsquo;utilisation Le pr\u00e9sent document a pour objet de d\u00e9finir les modalit\u00e9s et conditions dans lesquelles d\u2019une part,\u00a0 l&rsquo;association Esther et Herbert, t\u00eates en l&rsquo;air, ci-apr\u00e8s d\u00e9nomm\u00e9 l\u2019EDITEUR, met \u00e0 la disposition de ses utilisateurs le site, et les services disponibles sur le site et d\u2019autre part, la mani\u00e8re par laquelle l\u2019utilisateur acc\u00e8de au &hellip; <a href=\"https:\/\/estherandherbert.com\/en\/conditions-generales-dutilisation\/\" class=\"more-link\">Continue reading <span class=\"screen-reader-text\">conditions g\u00e9n\u00e9rales d&rsquo;utilisation<\/span><\/a><\/p>","protected":false},"author":216318726,"featured_media":0,"parent":0,"menu_order":0,"comment_status":"closed","ping_status":"closed","template":"page-no-separators","meta":{"_crdt_document":"","advanced_seo_description":"","jetpack_seo_html_title":"","jetpack_seo_noindex":false,"episode_type":"","audio_file":"","podmotor_file_id":"","podmotor_episode_id":"","cover_image":"","cover_image_id":"","duration":"","filesize":"","filesize_raw":"","date_recorded":"","explicit":"","block":"","itunes_episode_number":"","itunes_title":"","itunes_season_number":"","itunes_episode_type":"","footnotes":""},"tags":[],"class_list":["post-1485","page","type-page","status-publish","hentry","no-featured-image"],"jetpack_shortlink":"https:\/\/wp.me\/PdINKj-nX","jetpack_sharing_enabled":true,"amp_enabled":false,"_links":{"self":[{"href":"https:\/\/estherandherbert.com\/en\/wp-json\/wp\/v2\/pages\/1485","targetHints":{"allow":["GET"]}}],"collection":[{"href":"https:\/\/estherandherbert.com\/en\/wp-json\/wp\/v2\/pages"}],"about":[{"href":"https:\/\/estherandherbert.com\/en\/wp-json\/wp\/v2\/types\/page"}],"author":[{"embeddable":true,"href":"https:\/\/estherandherbert.com\/en\/wp-json\/wp\/v2\/users\/216318726"}],"replies":[{"embeddable":true,"href":"https:\/\/estherandherbert.com\/en\/wp-json\/wp\/v2\/comments?post=1485"}],"version-history":[{"count":3,"href":"https:\/\/estherandherbert.com\/en\/wp-json\/wp\/v2\/pages\/1485\/revisions"}],"predecessor-version":[{"id":1488,"href":"https:\/\/estherandherbert.com\/en\/wp-json\/wp\/v2\/pages\/1485\/revisions\/1488"}],"wp:attachment":[{"href":"https:\/\/estherandherbert.com\/en\/wp-json\/wp\/v2\/media?parent=1485"}],"wp:term":[{"taxonomy":"post_tag","embeddable":true,"href":"https:\/\/estherandherbert.com\/en\/wp-json\/wp\/v2\/tags?post=1485"}],"curies":[{"name":"wp","href":"https:\/\/api.w.org\/{rel}","templated":true}]}}