{"id":36,"date":"2022-02-13T09:09:37","date_gmt":"2022-02-12T20:09:37","guid":{"rendered":"https:\/\/estherandherbert.com\/?page_id=36"},"modified":"2023-11-04T15:58:32","modified_gmt":"2023-11-04T14:58:32","slug":"a-propos","status":"publish","type":"page","link":"https:\/\/estherandherbert.com\/en\/a-propos\/","title":{"rendered":"Who are we?"},"content":{"rendered":"<div style=\"height:22px\" aria-hidden=\"true\" class=\"wp-block-spacer\"><\/div>\n\n\n\n<hr class=\"wp-block-separator has-css-opacity is-style-wide\"\/>\n\n\n\n<div class=\"wp-block-columns is-layout-flex wp-container-core-columns-is-layout-8f761849 wp-block-columns-is-layout-flex\">\n<div class=\"wp-block-column is-layout-flow wp-block-column-is-layout-flow\">\n<p class=\"has-text-align-center wp-block-paragraph\" style=\"font-size:1.05rem;font-style:normal;font-weight:400;line-height:1.5\">\u00ab\u00a0<strong>Esther et Herbert, mind in the cloud<\/strong>\u00a0\u00bb  is an association project led by four friends: Claire, Clotilde, Marie and Reine. <\/p>\n\n\n\n<p class=\"has-text-align-center wp-block-paragraph\" style=\"font-size:1.05rem;font-style:normal;font-weight:400;line-height:1.5\">Our objective is <strong> to share freely knowledge, expertise and passion to children and young people!<\/strong> We would like to <strong>help our readers to develop a critical mind, by proposing different views on the same topic, from different fields (sciences, art, litterature, artwork, history)<\/strong>.<\/p>\n<\/div>\n<\/div>\n\n\n<div id=\"flipbox-widget-1714\" class=\"cfb_wrapper layout-6 flex-row\" data-flipboxid=\"flipbox-widget-1714\" data-bootstrap-status=\"enable\" data-fontawesome-icons=\"enable\"><div class=\"flex-col-md-6 cfb-box-1 cfb-box-wrapper\">\n                                <div class=\"flipbox-container cfb-layout-6 cfb-flip cfb-hover\" data-effect=\"x\" data-height=\"equal\">\n                                <div class=\"flipbox-front-layout cfb-data\" style=\"border-color:#f4bf64\"><div class=\"flipbox-img\"><img data-recalc-dims=\"1\" decoding=\"async\" src=\"https:\/\/i0.wp.com\/estherandherbert.com\/wp-content\/uploads\/2022\/02\/reine.png?w=712&#038;ssl=1\" alt=\"\" \/><\/div><\/div>\n                                <div class=\"flipbox-back-layout cfb-data\" style=\"background-color:#f4bf64\">\n                                    <h4>Reine Barbar<\/h4>\n                                    <p>enseignant-chercheur en ing\u00e9nierie des aliments \u00e0 l'Institut Agro-Montpellier- UMR IATE<\/p><\/div>\n                                <\/div>\n                            <\/div><div class=\"flex-col-md-6 cfb-box-2 cfb-box-wrapper\">\n                                <div class=\"flipbox-container cfb-layout-6 cfb-flip cfb-hover\" data-effect=\"x\" data-height=\"equal\">\n                                <div class=\"flipbox-front-layout cfb-data\" style=\"border-color:#f4bf64\"><div class=\"flipbox-img\"><img data-recalc-dims=\"1\" decoding=\"async\" src=\"https:\/\/i0.wp.com\/estherandherbert.com\/wp-content\/uploads\/2023\/11\/IMG-20230825-WA0023.jpg?w=712&#038;ssl=1\" alt=\"\" \/><\/div><\/div>\n                                <div class=\"flipbox-back-layout cfb-data\" style=\"background-color:#f4bf64\">\n                                    <h4>Clotilde Laigle<\/h4>\n                                    <p>astrophysicienne, Institut d'Astrophysique de Paris, Sorbonne Universit\u00e9 &amp; CNRS<\/p><\/div>\n                                <\/div>\n                            <\/div><div class=\"flex-col-md-6 cfb-box-3 cfb-box-wrapper\">\n                                <div class=\"flipbox-container cfb-layout-6 cfb-flip cfb-hover\" data-effect=\"x\" data-height=\"equal\">\n                                <div class=\"flipbox-front-layout cfb-data\" style=\"border-color:#f4bf64\"><div class=\"flipbox-img\"><img data-recalc-dims=\"1\" decoding=\"async\" src=\"https:\/\/i0.wp.com\/estherandherbert.com\/wp-content\/uploads\/2022\/02\/img_0038.jpeg?w=712&#038;ssl=1\" alt=\"\" \/><\/div><\/div>\n                                <div class=\"flipbox-back-layout cfb-data\" style=\"background-color:#f4bf64\">\n                                    <h4>Claire Mayer<\/h4>\n                                    <p>Ing\u00e9nieure de recherche \u00e0 l\u2019INRAE<\/p><\/div>\n                                <\/div>\n                            <\/div><div class=\"flex-col-md-6 cfb-box-4 cfb-box-wrapper\">\n                                <div class=\"flipbox-container cfb-layout-6 cfb-flip cfb-hover\" data-effect=\"x\" data-height=\"equal\">\n                                <div class=\"flipbox-front-layout cfb-data\" style=\"border-color:#f4bf64\"><div class=\"flipbox-img\"><img data-recalc-dims=\"1\" decoding=\"async\" src=\"https:\/\/i0.wp.com\/estherandherbert.com\/wp-content\/uploads\/2022\/02\/03cce598-1ae8-4556-b470-1d133a12f217-4.jpg?w=712&#038;ssl=1\" alt=\"\" \/><\/div><\/div>\n                                <div class=\"flipbox-back-layout cfb-data\" style=\"background-color:#f4bf64\">\n                                    <h4>Marie Ollagnon<\/h4>\n                                    <p>Ing\u00e9nieure d'\u00e9tudes \u00e0 INRAE<\/p><\/div>\n                                <\/div>\n                            <\/div><\/div>\n\n\n\n<hr class=\"wp-block-separator has-css-opacity is-style-wide\"\/>","protected":false},"excerpt":{"rendered":"<p>\u00ab\u00a0Esther et Herbert, T\u00eates en l\u2019air\u00a0\u00bb est un projet associatif port\u00e9 par quatre amies&nbsp;: Claire, Clotilde, Marie et Reine. Notre objectif est le partage gratuit de connaissances, d\u2019exp\u00e9riences et de passion aupr\u00e8s du jeune public ! Nous voulons amener nos lecteurs \u00e0 d\u00e9velopper un esprit critique en croisant des informations venant de diff\u00e9rentes sources et &hellip; <a href=\"https:\/\/estherandherbert.com\/en\/a-propos\/\" class=\"more-link\">Continue reading <span class=\"screen-reader-text\">Who are we?<\/span><\/a><\/p>","protected":false},"author":216318726,"featured_media":0,"parent":0,"menu_order":0,"comment_status":"closed","ping_status":"closed","template":"page-no-separators","meta":{"_crdt_document":"","advanced_seo_description":"","jetpack_seo_html_title":"","jetpack_seo_noindex":false,"episode_type":"","audio_file":"","podmotor_file_id":"","podmotor_episode_id":"","cover_image":"","cover_image_id":"","duration":"","filesize":"","filesize_raw":"","date_recorded":"","explicit":"","block":"","itunes_episode_number":"","itunes_title":"","itunes_season_number":"","itunes_episode_type":"","footnotes":""},"tags":[],"class_list":["post-36","page","type-page","status-publish","hentry","no-featured-image"],"jetpack_shortlink":"https:\/\/wp.me\/PdINKj-A","jetpack_sharing_enabled":true,"amp_enabled":false,"_links":{"self":[{"href":"https:\/\/estherandherbert.com\/en\/wp-json\/wp\/v2\/pages\/36","targetHints":{"allow":["GET"]}}],"collection":[{"href":"https:\/\/estherandherbert.com\/en\/wp-json\/wp\/v2\/pages"}],"about":[{"href":"https:\/\/estherandherbert.com\/en\/wp-json\/wp\/v2\/types\/page"}],"author":[{"embeddable":true,"href":"https:\/\/estherandherbert.com\/en\/wp-json\/wp\/v2\/users\/216318726"}],"replies":[{"embeddable":true,"href":"https:\/\/estherandherbert.com\/en\/wp-json\/wp\/v2\/comments?post=36"}],"version-history":[{"count":99,"href":"https:\/\/estherandherbert.com\/en\/wp-json\/wp\/v2\/pages\/36\/revisions"}],"predecessor-version":[{"id":1719,"href":"https:\/\/estherandherbert.com\/en\/wp-json\/wp\/v2\/pages\/36\/revisions\/1719"}],"wp:attachment":[{"href":"https:\/\/estherandherbert.com\/en\/wp-json\/wp\/v2\/media?parent=36"}],"wp:term":[{"taxonomy":"post_tag","embeddable":true,"href":"https:\/\/estherandherbert.com\/en\/wp-json\/wp\/v2\/tags?post=36"}],"curies":[{"name":"wp","href":"https:\/\/api.w.org\/{rel}","templated":true}]}}