{"id":8,"date":"2022-02-13T07:59:41","date_gmt":"2022-02-12T18:59:41","guid":{"rendered":"https:\/\/estherandherbert.com\/home-2\/"},"modified":"2024-01-28T17:53:43","modified_gmt":"2024-01-28T16:53:43","slug":"home-2","status":"publish","type":"page","link":"https:\/\/estherandherbert.com\/en\/home-2\/","title":{"rendered":"Our project"},"content":{"rendered":"<div id=\"flipbox-widget-1700\" class=\"cfb_wrapper layout-7 flex-row\" data-flipboxid=\"flipbox-widget-1700\" data-bootstrap-status=\"enable\" data-fontawesome-icons=\"disable\"><div class=\"flex-col-md-6 cfb-box-1 cfb-box-wrapper\">\n                                <div class=\"flipbox-container cfb-layout-7 cfb-flip cfb-hover\" data-effect=\"y\" data-height=\"equal\">\n                                <div class=\"flipbox-front-layout flipbox-front-filled cfb-data\" style=\"background:#21326d\">\n                                    <div class=\"flipbox-front-description\">\n                                    <h4>A scientific magazine with high quality content<\/h4>\n                                    <p><\/p>\n                                    <\/div>\n                                <\/div>\n                                <div class=\"flipbox-back-layout flipbox-background-img cfb-data\" style=\"background-image: url(https:\/\/estherandherbert.com\/wp-content\/uploads\/2023\/08\/STSCI-H-p1427a-2300x2100-1.jpg);color:#21326d\"><div class=\"flipbox-icon flipbox-solid-icon\" style=\"font-size:52px\">\n                                        <i class=\"fa fa-binoculars\"><\/i>\n                                        <\/div><p style=\"color:#21326d\">Nous vous avons concoct\u00e9 un journal au format papier avec de nombreux amis : scientifiques, philosophes, artistes. Tous sont experts dans leur domaine et sont heureux de vous faire d\u00e9couvrir ce qui les passionne !<\/p><a target=\"_blank\" href=\"https:\/\/estherandherbert.com\/en\/1353-2\/\" style=\"color:#21326d\" class=\"back-layout-btn\">Voir<\/a><\/div>\n                                <\/div>\n                            <\/div><div class=\"flex-col-md-6 cfb-box-2 cfb-box-wrapper\">\n                                <div class=\"flipbox-container cfb-layout-7 cfb-flip cfb-hover\" data-effect=\"y\" data-height=\"equal\">\n                                <div class=\"flipbox-front-layout flipbox-front-filled cfb-data\" style=\"background:#21326d\">\n                                    <div class=\"flipbox-front-description\">\n                                    <h4>A journal as a gift for everybody<\/h4>\n                                    <p><\/p>\n                                    <\/div>\n                                <\/div>\n                                <div class=\"flipbox-back-layout flipbox-background-img cfb-data\" style=\"background-image: url(https:\/\/estherandherbert.com\/wp-content\/uploads\/2023\/11\/IMG-20230324-WA0001.jpg);color:#21326d\"><div class=\"flipbox-icon flipbox-solid-icon\" style=\"font-size:52px\">\n                                        <i class=\"fa fa-gift\"><\/i>\n                                        <\/div><p style=\"color:#21326d\">We will take you on a journey through matter. All our friends, who will become yours, have given freely of their time to share with you their knowledge and their passions.<\/p><\/div>\n                                <\/div>\n                            <\/div><div class=\"flex-col-md-6 cfb-box-3 cfb-box-wrapper\">\n                                <div class=\"flipbox-container cfb-layout-7 cfb-flip cfb-hover\" data-effect=\"y\" data-height=\"equal\">\n                                <div class=\"flipbox-front-layout flipbox-front-filled cfb-data\" style=\"background:#21326d\">\n                                    <div class=\"flipbox-front-description\">\n                                    <h4>Meeting with researchers to deepen your knowledge<\/h4>\n                                    <p><\/p>\n                                    <\/div>\n                                <\/div>\n                                <div class=\"flipbox-back-layout flipbox-background-img cfb-data\" style=\"background-image: url(https:\/\/estherandherbert.com\/wp-content\/uploads\/2023\/09\/69bedb12-d6cc-4326-8f3e-15f1ac631ce9.jpg);color:#21326d\"><div class=\"flipbox-icon flipbox-solid-icon\" style=\"font-size:52px\">\n                                        <i class=\"fa fa-child\"><\/i>\n                                        <\/div><p style=\"color:#21326d\">Nous organisons des rencontres entre les chercheurs qui ont \u00e9crit dans le magazine et les classes et groupes d\u2019enfants pour approfondir certains sujets ! <\/p><a target=\"_blank\" href=\"https:\/\/estherandherbert.com\/en\/2023\/10\/01\/sciences-de-nuit\/\" style=\"color:#21326d\" class=\"back-layout-btn\">Exemple<\/a><\/div>\n                                <\/div>\n                            <\/div><div class=\"flex-col-md-6 cfb-box-4 cfb-box-wrapper\">\n                                <div class=\"flipbox-container cfb-layout-7 cfb-flip cfb-hover\" data-effect=\"y\" data-height=\"equal\">\n                                <div class=\"flipbox-front-layout flipbox-front-filled cfb-data\" style=\"background:#21326d\">\n                                    <div class=\"flipbox-front-description\">\n                                    <h4>Une fen\u00eatre sur le web<\/h4>\n                                    <p><\/p>\n                                    <\/div>\n                                <\/div>\n                                <div class=\"flipbox-back-layout flipbox-background-img cfb-data\" style=\"background-image: url(https:\/\/estherandherbert.com\/wp-content\/uploads\/2023\/11\/byebyeNZ.png);color:#21326d\"><div class=\"flipbox-icon flipbox-solid-icon\" style=\"font-size:52px\">\n                                        <i class=\"fa fa-wechat\"><\/i>\n                                        <\/div><p style=\"color:#21326d\">M\u00eame si le journal est en format papier, nous avons cr\u00e9\u00e9 cette fen\u00eatre sur le web pour vous donner acc\u00e8s \u00e0 des histoires cont\u00e9es et pour pouvoir \u00e9changer avec vous. <\/p><\/div>\n                                <\/div>\n                            <\/div><\/div>\n\n\n\n<div style=\"height:33px\" aria-hidden=\"true\" class=\"wp-block-spacer\"><\/div>\n\n\n\n<div style=\"height:33px\" aria-hidden=\"true\" class=\"wp-block-spacer\"><\/div>\n\n\n\n<hr class=\"wp-block-separator alignfull has-alpha-channel-opacity is-style-wide\"\/>\n\n\n\n<div class=\"wp-block-cover alignfull has-yellow-color has-text-color has-link-color wp-elements-504a78f33310aeef44a42aaa5a86fd81\" style=\"min-height:332px;aspect-ratio:unset;\"><span aria-hidden=\"true\" class=\"wp-block-cover__background has-black-background-color has-background-dim\"><\/span><img data-recalc-dims=\"1\" loading=\"lazy\" decoding=\"async\" width=\"712\" height=\"534\" class=\"wp-block-cover__image-background wp-image-1420\" alt=\"\" src=\"https:\/\/i0.wp.com\/estherandherbert.com\/wp-content\/uploads\/2023\/09\/IMG_4223.jpg?resize=712%2C534&#038;ssl=1\" style=\"object-position:65% 50%\" data-object-fit=\"cover\" data-object-position=\"65% 50%\" srcset=\"https:\/\/i0.wp.com\/estherandherbert.com\/wp-content\/uploads\/2023\/09\/IMG_4223.jpg?w=5152&amp;ssl=1 5152w, https:\/\/i0.wp.com\/estherandherbert.com\/wp-content\/uploads\/2023\/09\/IMG_4223.jpg?resize=300%2C225&amp;ssl=1 300w, https:\/\/i0.wp.com\/estherandherbert.com\/wp-content\/uploads\/2023\/09\/IMG_4223.jpg?resize=1024%2C768&amp;ssl=1 1024w, https:\/\/i0.wp.com\/estherandherbert.com\/wp-content\/uploads\/2023\/09\/IMG_4223.jpg?resize=768%2C576&amp;ssl=1 768w, https:\/\/i0.wp.com\/estherandherbert.com\/wp-content\/uploads\/2023\/09\/IMG_4223.jpg?resize=1536%2C1152&amp;ssl=1 1536w, https:\/\/i0.wp.com\/estherandherbert.com\/wp-content\/uploads\/2023\/09\/IMG_4223.jpg?resize=2048%2C1536&amp;ssl=1 2048w, https:\/\/i0.wp.com\/estherandherbert.com\/wp-content\/uploads\/2023\/09\/IMG_4223.jpg?resize=16%2C12&amp;ssl=1 16w, https:\/\/i0.wp.com\/estherandherbert.com\/wp-content\/uploads\/2023\/09\/IMG_4223.jpg?resize=1200%2C900&amp;ssl=1 1200w, https:\/\/i0.wp.com\/estherandherbert.com\/wp-content\/uploads\/2023\/09\/IMG_4223.jpg?resize=800%2C600&amp;ssl=1 800w, https:\/\/i0.wp.com\/estherandherbert.com\/wp-content\/uploads\/2023\/09\/IMG_4223.jpg?resize=400%2C300&amp;ssl=1 400w, https:\/\/i0.wp.com\/estherandherbert.com\/wp-content\/uploads\/2023\/09\/IMG_4223.jpg?resize=200%2C150&amp;ssl=1 200w, https:\/\/i0.wp.com\/estherandherbert.com\/wp-content\/uploads\/2023\/09\/IMG_4223.jpg?resize=24%2C18&amp;ssl=1 24w, https:\/\/i0.wp.com\/estherandherbert.com\/wp-content\/uploads\/2023\/09\/IMG_4223.jpg?resize=36%2C27&amp;ssl=1 36w, https:\/\/i0.wp.com\/estherandherbert.com\/wp-content\/uploads\/2023\/09\/IMG_4223.jpg?resize=48%2C36&amp;ssl=1 48w, https:\/\/i0.wp.com\/estherandherbert.com\/wp-content\/uploads\/2023\/09\/IMG_4223.jpg?w=1424&amp;ssl=1 1424w, https:\/\/i0.wp.com\/estherandherbert.com\/wp-content\/uploads\/2023\/09\/IMG_4223.jpg?w=2136&amp;ssl=1 2136w\" sizes=\"auto, (max-width: 712px) 100vw, 712px\" \/><div class=\"wp-block-cover__inner-container is-layout-constrained wp-block-cover-is-layout-constrained\">\n<p class=\"has-text-align-center has-large-font-size wp-block-paragraph\"><a href=\"https:\/\/estherandherbert.com\/en\/comment-tout-a-commence\/\" data-type=\"page\" data-id=\"1419\">R\u00e9trospective 2023<\/a><\/p>\n<\/div><\/div>\n\n\n\n<p class=\"wp-block-paragraph\"><\/p>\n\n\n\n<hr class=\"wp-block-separator alignfull has-alpha-channel-opacity is-style-wide\"\/>","protected":false},"excerpt":{"rendered":"","protected":false},"author":216318725,"featured_media":0,"parent":0,"menu_order":0,"comment_status":"closed","ping_status":"closed","template":"","meta":{"_crdt_document":"","advanced_seo_description":"","jetpack_seo_html_title":"","jetpack_seo_noindex":false,"episode_type":"","audio_file":"","podmotor_file_id":"","podmotor_episode_id":"","cover_image":"","cover_image_id":"","duration":"","filesize":"","filesize_raw":"","date_recorded":"","explicit":"","block":"","itunes_episode_number":"","itunes_title":"","itunes_season_number":"","itunes_episode_type":"","footnotes":""},"tags":[],"class_list":["post-8","page","type-page","status-publish","hentry","no-featured-image"],"jetpack_shortlink":"https:\/\/wp.me\/PdINKj-8","jetpack_sharing_enabled":false,"amp_enabled":false,"_links":{"self":[{"href":"https:\/\/estherandherbert.com\/en\/wp-json\/wp\/v2\/pages\/8","targetHints":{"allow":["GET"]}}],"collection":[{"href":"https:\/\/estherandherbert.com\/en\/wp-json\/wp\/v2\/pages"}],"about":[{"href":"https:\/\/estherandherbert.com\/en\/wp-json\/wp\/v2\/types\/page"}],"author":[{"embeddable":true,"href":"https:\/\/estherandherbert.com\/en\/wp-json\/wp\/v2\/users\/216318725"}],"replies":[{"embeddable":true,"href":"https:\/\/estherandherbert.com\/en\/wp-json\/wp\/v2\/comments?post=8"}],"version-history":[{"count":100,"href":"https:\/\/estherandherbert.com\/en\/wp-json\/wp\/v2\/pages\/8\/revisions"}],"predecessor-version":[{"id":1828,"href":"https:\/\/estherandherbert.com\/en\/wp-json\/wp\/v2\/pages\/8\/revisions\/1828"}],"wp:attachment":[{"href":"https:\/\/estherandherbert.com\/en\/wp-json\/wp\/v2\/media?parent=8"}],"wp:term":[{"taxonomy":"post_tag","embeddable":true,"href":"https:\/\/estherandherbert.com\/en\/wp-json\/wp\/v2\/tags?post=8"}],"curies":[{"name":"wp","href":"https:\/\/api.w.org\/{rel}","templated":true}]}}